{"id":104,"date":"2021-02-16T14:44:04","date_gmt":"2021-02-16T14:44:04","guid":{"rendered":"https:\/\/transelegance.local\/?page_id=104"},"modified":"2025-06-20T08:07:39","modified_gmt":"2025-06-20T12:07:39","slug":"snowbird","status":"publish","type":"page","link":"https:\/\/www.transelegance.com\/fr\/snowbird\/","title":{"rendered":"Snowbird"},"content":{"rendered":"","protected":false},"excerpt":{"rendered":"","protected":false},"author":1,"featured_media":0,"parent":0,"menu_order":0,"comment_status":"closed","ping_status":"closed","template":"views\/template-snowbird.blade.php","meta":[],"yoast_head":"<!-- This site is optimized with the Yoast SEO plugin v15.8 - https:\/\/yoast.com\/wordpress\/plugins\/seo\/ -->\n<title>Snowbird - Trans\u00e9legance<\/title>\n<meta name=\"description\" content=\"Depuis de nombreuses ann\u00e9es nous sommes le transporteur de confiance NO:1 des Snowbirds de tout le Qu\u00e9bec. Un service personnalis\u00e9 et courtois au moment de la cueillette et de la livraison des plus professionnel et ponctuel.\" \/>\n<meta name=\"robots\" content=\"index, follow, max-snippet:-1, max-image-preview:large, max-video-preview:-1\" \/>\n<link rel=\"canonical\" href=\"https:\/\/www.transelegance.com\/fr\/snowbird\/\" \/>\n<meta property=\"og:locale\" content=\"fr_FR\" \/>\n<meta property=\"og:type\" content=\"article\" \/>\n<meta property=\"og:title\" content=\"Snowbird - Trans\u00e9legance\" \/>\n<meta property=\"og:description\" content=\"Depuis de nombreuses ann\u00e9es nous sommes le transporteur de confiance NO:1 des Snowbirds de tout le Qu\u00e9bec. Un service personnalis\u00e9 et courtois au moment de la cueillette et de la livraison des plus professionnel et ponctuel.\" \/>\n<meta property=\"og:url\" content=\"https:\/\/www.transelegance.com\/fr\/snowbird\/\" \/>\n<meta property=\"og:site_name\" content=\"Trans\u00e9legance\" \/>\n<meta property=\"article:modified_time\" content=\"2025-06-20T12:07:39+00:00\" \/>\n<meta name=\"twitter:card\" content=\"summary_large_image\" \/>\n<script type=\"application\/ld+json\" class=\"yoast-schema-graph\">{\"@context\":\"https:\/\/schema.org\",\"@graph\":[{\"@type\":\"WebSite\",\"@id\":\"https:\/\/www.transelegance.com\/fr\/#website\",\"url\":\"https:\/\/www.transelegance.com\/fr\/\",\"name\":\"Trans\\u00e9legance\",\"description\":\"Un leader qu\\u00e9b\\u00e9cois dans le transport de v\\u00e9hicules en Am\\u00e9rique du nord\",\"potentialAction\":[{\"@type\":\"SearchAction\",\"target\":\"https:\/\/www.transelegance.com\/fr\/?s={search_term_string}\",\"query-input\":\"required name=search_term_string\"}],\"inLanguage\":\"fr-FR\"},{\"@type\":\"WebPage\",\"@id\":\"https:\/\/www.transelegance.com\/fr\/snowbird\/#webpage\",\"url\":\"https:\/\/www.transelegance.com\/fr\/snowbird\/\",\"name\":\"Snowbird - Trans\\u00e9legance\",\"isPartOf\":{\"@id\":\"https:\/\/www.transelegance.com\/fr\/#website\"},\"datePublished\":\"2021-02-16T14:44:04+00:00\",\"dateModified\":\"2025-06-20T12:07:39+00:00\",\"description\":\"Depuis de nombreuses ann\\u00e9es nous sommes le transporteur de confiance NO:1 des Snowbirds de tout le Qu\\u00e9bec. Un service personnalis\\u00e9 et courtois au moment de la cueillette et de la livraison des plus professionnel et ponctuel.\",\"breadcrumb\":{\"@id\":\"https:\/\/www.transelegance.com\/fr\/snowbird\/#breadcrumb\"},\"inLanguage\":\"fr-FR\",\"potentialAction\":[{\"@type\":\"ReadAction\",\"target\":[\"https:\/\/www.transelegance.com\/fr\/snowbird\/\"]}]},{\"@type\":\"BreadcrumbList\",\"@id\":\"https:\/\/www.transelegance.com\/fr\/snowbird\/#breadcrumb\",\"itemListElement\":[{\"@type\":\"ListItem\",\"position\":1,\"item\":{\"@type\":\"WebPage\",\"@id\":\"https:\/\/www.transelegance.com\/fr\/\",\"url\":\"https:\/\/www.transelegance.com\/fr\/\",\"name\":\"Home\"}},{\"@type\":\"ListItem\",\"position\":2,\"item\":{\"@type\":\"WebPage\",\"@id\":\"https:\/\/www.transelegance.com\/fr\/snowbird\/\",\"url\":\"https:\/\/www.transelegance.com\/fr\/snowbird\/\",\"name\":\"Snowbird\"}}]}]}<\/script>\n<!-- \/ Yoast SEO plugin. -->","_links":{"self":[{"href":"https:\/\/www.transelegance.com\/fr\/wp-json\/wp\/v2\/pages\/104"}],"collection":[{"href":"https:\/\/www.transelegance.com\/fr\/wp-json\/wp\/v2\/pages"}],"about":[{"href":"https:\/\/www.transelegance.com\/fr\/wp-json\/wp\/v2\/types\/page"}],"author":[{"embeddable":true,"href":"https:\/\/www.transelegance.com\/fr\/wp-json\/wp\/v2\/users\/1"}],"replies":[{"embeddable":true,"href":"https:\/\/www.transelegance.com\/fr\/wp-json\/wp\/v2\/comments?post=104"}],"version-history":[{"count":40,"href":"https:\/\/www.transelegance.com\/fr\/wp-json\/wp\/v2\/pages\/104\/revisions"}],"predecessor-version":[{"id":1314,"href":"https:\/\/www.transelegance.com\/fr\/wp-json\/wp\/v2\/pages\/104\/revisions\/1314"}],"wp:attachment":[{"href":"https:\/\/www.transelegance.com\/fr\/wp-json\/wp\/v2\/media?parent=104"}],"curies":[{"name":"wp","href":"https:\/\/api.w.org\/{rel}","templated":true}]}}