{"id":1200,"date":"2021-12-01T20:04:36","date_gmt":"2021-12-01T20:04:36","guid":{"rendered":"https:\/\/www.transelegance.com\/?page_id=1200"},"modified":"2021-12-01T20:09:43","modified_gmt":"2021-12-01T20:09:43","slug":"reservation-snowbird","status":"publish","type":"page","link":"https:\/\/www.transelegance.com\/fr\/reservation-snowbird\/","title":{"rendered":"R\u00e9servation \u00e0 venir"},"content":{"rendered":"<p>Page \u00e0 venir<\/p>\n","protected":false},"excerpt":{"rendered":"<p>Page \u00e0 venir<\/p>\n","protected":false},"author":1,"featured_media":0,"parent":0,"menu_order":0,"comment_status":"closed","ping_status":"closed","template":"views\/template-rules.blade.php","meta":[],"yoast_head":"<!-- This site is optimized with the Yoast SEO plugin v15.8 - https:\/\/yoast.com\/wordpress\/plugins\/seo\/ -->\n<title>R\u00e9servation \u00e0 venir - Trans\u00e9legance<\/title>\n<meta name=\"robots\" content=\"index, follow, max-snippet:-1, max-image-preview:large, max-video-preview:-1\" \/>\n<link rel=\"canonical\" href=\"https:\/\/www.transelegance.com\/fr\/reservation-snowbird\/\" \/>\n<meta property=\"og:locale\" content=\"fr_FR\" \/>\n<meta property=\"og:type\" content=\"article\" \/>\n<meta property=\"og:title\" content=\"R\u00e9servation \u00e0 venir - Trans\u00e9legance\" \/>\n<meta property=\"og:description\" content=\"Page \u00e0 venir\" \/>\n<meta property=\"og:url\" content=\"https:\/\/www.transelegance.com\/fr\/reservation-snowbird\/\" \/>\n<meta property=\"og:site_name\" content=\"Trans\u00e9legance\" \/>\n<meta property=\"article:modified_time\" content=\"2021-12-01T20:09:43+00:00\" \/>\n<meta name=\"twitter:card\" content=\"summary_large_image\" \/>\n<meta name=\"twitter:label1\" content=\"Est. reading time\">\n\t<meta name=\"twitter:data1\" content=\"1 minute\">\n<script type=\"application\/ld+json\" class=\"yoast-schema-graph\">{\"@context\":\"https:\/\/schema.org\",\"@graph\":[{\"@type\":\"WebSite\",\"@id\":\"https:\/\/www.transelegance.com\/fr\/#website\",\"url\":\"https:\/\/www.transelegance.com\/fr\/\",\"name\":\"Trans\\u00e9legance\",\"description\":\"Un leader qu\\u00e9b\\u00e9cois dans le transport de v\\u00e9hicules en Am\\u00e9rique du nord\",\"potentialAction\":[{\"@type\":\"SearchAction\",\"target\":\"https:\/\/www.transelegance.com\/fr\/?s={search_term_string}\",\"query-input\":\"required name=search_term_string\"}],\"inLanguage\":\"fr-FR\"},{\"@type\":\"WebPage\",\"@id\":\"https:\/\/www.transelegance.com\/fr\/reservation-snowbird\/#webpage\",\"url\":\"https:\/\/www.transelegance.com\/fr\/reservation-snowbird\/\",\"name\":\"R\\u00e9servation \\u00e0 venir - Trans\\u00e9legance\",\"isPartOf\":{\"@id\":\"https:\/\/www.transelegance.com\/fr\/#website\"},\"datePublished\":\"2021-12-01T20:04:36+00:00\",\"dateModified\":\"2021-12-01T20:09:43+00:00\",\"breadcrumb\":{\"@id\":\"https:\/\/www.transelegance.com\/fr\/reservation-snowbird\/#breadcrumb\"},\"inLanguage\":\"fr-FR\",\"potentialAction\":[{\"@type\":\"ReadAction\",\"target\":[\"https:\/\/www.transelegance.com\/fr\/reservation-snowbird\/\"]}]},{\"@type\":\"BreadcrumbList\",\"@id\":\"https:\/\/www.transelegance.com\/fr\/reservation-snowbird\/#breadcrumb\",\"itemListElement\":[{\"@type\":\"ListItem\",\"position\":1,\"item\":{\"@type\":\"WebPage\",\"@id\":\"https:\/\/www.transelegance.com\/fr\/\",\"url\":\"https:\/\/www.transelegance.com\/fr\/\",\"name\":\"Home\"}},{\"@type\":\"ListItem\",\"position\":2,\"item\":{\"@type\":\"WebPage\",\"@id\":\"https:\/\/www.transelegance.com\/fr\/reservation-snowbird\/\",\"url\":\"https:\/\/www.transelegance.com\/fr\/reservation-snowbird\/\",\"name\":\"R\\u00e9servation \\u00e0 venir\"}}]}]}<\/script>\n<!-- \/ Yoast SEO plugin. -->","_links":{"self":[{"href":"https:\/\/www.transelegance.com\/fr\/wp-json\/wp\/v2\/pages\/1200"}],"collection":[{"href":"https:\/\/www.transelegance.com\/fr\/wp-json\/wp\/v2\/pages"}],"about":[{"href":"https:\/\/www.transelegance.com\/fr\/wp-json\/wp\/v2\/types\/page"}],"author":[{"embeddable":true,"href":"https:\/\/www.transelegance.com\/fr\/wp-json\/wp\/v2\/users\/1"}],"replies":[{"embeddable":true,"href":"https:\/\/www.transelegance.com\/fr\/wp-json\/wp\/v2\/comments?post=1200"}],"version-history":[{"count":4,"href":"https:\/\/www.transelegance.com\/fr\/wp-json\/wp\/v2\/pages\/1200\/revisions"}],"predecessor-version":[{"id":1204,"href":"https:\/\/www.transelegance.com\/fr\/wp-json\/wp\/v2\/pages\/1200\/revisions\/1204"}],"wp:attachment":[{"href":"https:\/\/www.transelegance.com\/fr\/wp-json\/wp\/v2\/media?parent=1200"}],"curies":[{"name":"wp","href":"https:\/\/api.w.org\/{rel}","templated":true}]}}