{"id":167,"date":"2021-02-16T16:31:09","date_gmt":"2021-02-16T16:31:09","guid":{"rendered":"https:\/\/transelegance.local\/?page_id=167"},"modified":"2025-06-20T08:00:29","modified_gmt":"2025-06-20T12:00:29","slug":"reglements-et-modalites","status":"publish","type":"page","link":"https:\/\/www.transelegance.com\/fr\/reglements-et-modalites\/","title":{"rendered":"R\u00e8glements et modalit\u00e9s"},"content":{"rendered":"","protected":false},"excerpt":{"rendered":"","protected":false},"author":1,"featured_media":0,"parent":0,"menu_order":0,"comment_status":"closed","ping_status":"closed","template":"views\/template-rules.blade.php","meta":[],"yoast_head":"<!-- This site is optimized with the Yoast SEO plugin v15.8 - https:\/\/yoast.com\/wordpress\/plugins\/seo\/ -->\n<title>R\u00e8glements et modalit\u00e9s - Trans\u00e9legance<\/title>\n<meta name=\"description\" content=\"Endroits Possible de chargement\u00c0 NOS BUREAUX Situ\u00e9 au 460 Avenue Marien Montreal Est, QC, H1B 4V9 du Lundi au Vendredi de 08:00 \u00e0 16:00.\" \/>\n<meta name=\"robots\" content=\"index, follow, max-snippet:-1, max-image-preview:large, max-video-preview:-1\" \/>\n<link rel=\"canonical\" href=\"https:\/\/www.transelegance.com\/fr\/reglements-et-modalites\/\" \/>\n<meta property=\"og:locale\" content=\"fr_FR\" \/>\n<meta property=\"og:type\" content=\"article\" \/>\n<meta property=\"og:title\" content=\"R\u00e8glements et modalit\u00e9s - Trans\u00e9legance\" \/>\n<meta property=\"og:description\" content=\"Endroits Possible de chargement\u00c0 NOS BUREAUX Situ\u00e9 au 460 Avenue Marien Montreal Est, QC, H1B 4V9 du Lundi au Vendredi de 08:00 \u00e0 16:00.\" \/>\n<meta property=\"og:url\" content=\"https:\/\/www.transelegance.com\/fr\/reglements-et-modalites\/\" \/>\n<meta property=\"og:site_name\" content=\"Trans\u00e9legance\" \/>\n<meta property=\"article:modified_time\" content=\"2025-06-20T12:00:29+00:00\" \/>\n<meta name=\"twitter:card\" content=\"summary_large_image\" \/>\n<script type=\"application\/ld+json\" class=\"yoast-schema-graph\">{\"@context\":\"https:\/\/schema.org\",\"@graph\":[{\"@type\":\"WebSite\",\"@id\":\"https:\/\/www.transelegance.com\/fr\/#website\",\"url\":\"https:\/\/www.transelegance.com\/fr\/\",\"name\":\"Trans\\u00e9legance\",\"description\":\"Un leader qu\\u00e9b\\u00e9cois dans le transport de v\\u00e9hicules en Am\\u00e9rique du nord\",\"potentialAction\":[{\"@type\":\"SearchAction\",\"target\":\"https:\/\/www.transelegance.com\/fr\/?s={search_term_string}\",\"query-input\":\"required name=search_term_string\"}],\"inLanguage\":\"fr-FR\"},{\"@type\":\"WebPage\",\"@id\":\"https:\/\/www.transelegance.com\/fr\/reglements-et-modalites\/#webpage\",\"url\":\"https:\/\/www.transelegance.com\/fr\/reglements-et-modalites\/\",\"name\":\"R\\u00e8glements et modalit\\u00e9s - Trans\\u00e9legance\",\"isPartOf\":{\"@id\":\"https:\/\/www.transelegance.com\/fr\/#website\"},\"datePublished\":\"2021-02-16T16:31:09+00:00\",\"dateModified\":\"2025-06-20T12:00:29+00:00\",\"description\":\"Endroits Possible de chargement\\u00c0 NOS BUREAUX Situ\\u00e9 au 460 Avenue Marien Montreal Est, QC, H1B 4V9 du Lundi au Vendredi de 08:00 \\u00e0 16:00.\",\"breadcrumb\":{\"@id\":\"https:\/\/www.transelegance.com\/fr\/reglements-et-modalites\/#breadcrumb\"},\"inLanguage\":\"fr-FR\",\"potentialAction\":[{\"@type\":\"ReadAction\",\"target\":[\"https:\/\/www.transelegance.com\/fr\/reglements-et-modalites\/\"]}]},{\"@type\":\"BreadcrumbList\",\"@id\":\"https:\/\/www.transelegance.com\/fr\/reglements-et-modalites\/#breadcrumb\",\"itemListElement\":[{\"@type\":\"ListItem\",\"position\":1,\"item\":{\"@type\":\"WebPage\",\"@id\":\"https:\/\/www.transelegance.com\/fr\/\",\"url\":\"https:\/\/www.transelegance.com\/fr\/\",\"name\":\"Home\"}},{\"@type\":\"ListItem\",\"position\":2,\"item\":{\"@type\":\"WebPage\",\"@id\":\"https:\/\/www.transelegance.com\/fr\/reglements-et-modalites\/\",\"url\":\"https:\/\/www.transelegance.com\/fr\/reglements-et-modalites\/\",\"name\":\"R\\u00e8glements et modalit\\u00e9s\"}}]}]}<\/script>\n<!-- \/ Yoast SEO plugin. -->","_links":{"self":[{"href":"https:\/\/www.transelegance.com\/fr\/wp-json\/wp\/v2\/pages\/167"}],"collection":[{"href":"https:\/\/www.transelegance.com\/fr\/wp-json\/wp\/v2\/pages"}],"about":[{"href":"https:\/\/www.transelegance.com\/fr\/wp-json\/wp\/v2\/types\/page"}],"author":[{"embeddable":true,"href":"https:\/\/www.transelegance.com\/fr\/wp-json\/wp\/v2\/users\/1"}],"replies":[{"embeddable":true,"href":"https:\/\/www.transelegance.com\/fr\/wp-json\/wp\/v2\/comments?post=167"}],"version-history":[{"count":16,"href":"https:\/\/www.transelegance.com\/fr\/wp-json\/wp\/v2\/pages\/167\/revisions"}],"predecessor-version":[{"id":1312,"href":"https:\/\/www.transelegance.com\/fr\/wp-json\/wp\/v2\/pages\/167\/revisions\/1312"}],"wp:attachment":[{"href":"https:\/\/www.transelegance.com\/fr\/wp-json\/wp\/v2\/media?parent=167"}],"curies":[{"name":"wp","href":"https:\/\/api.w.org\/{rel}","templated":true}]}}