{"id":235,"date":"2021-02-16T20:01:41","date_gmt":"2021-02-16T20:01:41","guid":{"rendered":"https:\/\/transelegance.local\/?page_id=235"},"modified":"2023-07-05T15:52:19","modified_gmt":"2023-07-05T15:52:19","slug":"a-propos","status":"publish","type":"page","link":"https:\/\/www.transelegance.com\/fr\/a-propos\/","title":{"rendered":"\u00c0 propos"},"content":{"rendered":"","protected":false},"excerpt":{"rendered":"","protected":false},"author":1,"featured_media":0,"parent":0,"menu_order":0,"comment_status":"closed","ping_status":"closed","template":"views\/template-about.blade.php","meta":[],"yoast_head":"<!-- This site is optimized with the Yoast SEO plugin v15.8 - https:\/\/yoast.com\/wordpress\/plugins\/seo\/ -->\n<title>\u00c0 propos - Trans\u00e9legance<\/title>\n<meta name=\"description\" content=\"Transport d&#039;autos \u00c9l\u00e9gance 2013 est reconnu \u00e0 travers l&#039;Am\u00e9rique du Nord comme \u00e9tant le transporteur de confiance pour les plus grands manufacturiers d&#039;automobiles.\" \/>\n<meta name=\"robots\" content=\"index, follow, max-snippet:-1, max-image-preview:large, max-video-preview:-1\" \/>\n<link rel=\"canonical\" href=\"https:\/\/www.transelegance.com\/fr\/a-propos\/\" \/>\n<meta property=\"og:locale\" content=\"fr_FR\" \/>\n<meta property=\"og:type\" content=\"article\" \/>\n<meta property=\"og:title\" content=\"\u00c0 propos - Trans\u00e9legance\" \/>\n<meta property=\"og:description\" content=\"Transport d&#039;autos \u00c9l\u00e9gance 2013 est reconnu \u00e0 travers l&#039;Am\u00e9rique du Nord comme \u00e9tant le transporteur de confiance pour les plus grands manufacturiers d&#039;automobiles.\" \/>\n<meta property=\"og:url\" content=\"https:\/\/www.transelegance.com\/fr\/a-propos\/\" \/>\n<meta property=\"og:site_name\" content=\"Trans\u00e9legance\" \/>\n<meta property=\"article:modified_time\" content=\"2023-07-05T15:52:19+00:00\" \/>\n<meta name=\"twitter:card\" content=\"summary_large_image\" \/>\n<script type=\"application\/ld+json\" class=\"yoast-schema-graph\">{\"@context\":\"https:\/\/schema.org\",\"@graph\":[{\"@type\":\"WebSite\",\"@id\":\"https:\/\/www.transelegance.com\/fr\/#website\",\"url\":\"https:\/\/www.transelegance.com\/fr\/\",\"name\":\"Trans\\u00e9legance\",\"description\":\"Un leader qu\\u00e9b\\u00e9cois dans le transport de v\\u00e9hicules en Am\\u00e9rique du nord\",\"potentialAction\":[{\"@type\":\"SearchAction\",\"target\":\"https:\/\/www.transelegance.com\/fr\/?s={search_term_string}\",\"query-input\":\"required name=search_term_string\"}],\"inLanguage\":\"fr-FR\"},{\"@type\":\"WebPage\",\"@id\":\"https:\/\/www.transelegance.com\/fr\/a-propos\/#webpage\",\"url\":\"https:\/\/www.transelegance.com\/fr\/a-propos\/\",\"name\":\"\\u00c0 propos - Trans\\u00e9legance\",\"isPartOf\":{\"@id\":\"https:\/\/www.transelegance.com\/fr\/#website\"},\"datePublished\":\"2021-02-16T20:01:41+00:00\",\"dateModified\":\"2023-07-05T15:52:19+00:00\",\"description\":\"Transport d'autos \\u00c9l\\u00e9gance 2013 est reconnu \\u00e0 travers l'Am\\u00e9rique du Nord comme \\u00e9tant le transporteur de confiance pour les plus grands manufacturiers d'automobiles.\",\"breadcrumb\":{\"@id\":\"https:\/\/www.transelegance.com\/fr\/a-propos\/#breadcrumb\"},\"inLanguage\":\"fr-FR\",\"potentialAction\":[{\"@type\":\"ReadAction\",\"target\":[\"https:\/\/www.transelegance.com\/fr\/a-propos\/\"]}]},{\"@type\":\"BreadcrumbList\",\"@id\":\"https:\/\/www.transelegance.com\/fr\/a-propos\/#breadcrumb\",\"itemListElement\":[{\"@type\":\"ListItem\",\"position\":1,\"item\":{\"@type\":\"WebPage\",\"@id\":\"https:\/\/www.transelegance.com\/fr\/\",\"url\":\"https:\/\/www.transelegance.com\/fr\/\",\"name\":\"Home\"}},{\"@type\":\"ListItem\",\"position\":2,\"item\":{\"@type\":\"WebPage\",\"@id\":\"https:\/\/www.transelegance.com\/fr\/a-propos\/\",\"url\":\"https:\/\/www.transelegance.com\/fr\/a-propos\/\",\"name\":\"\\u00c0 propos\"}}]}]}<\/script>\n<!-- \/ Yoast SEO plugin. -->","_links":{"self":[{"href":"https:\/\/www.transelegance.com\/fr\/wp-json\/wp\/v2\/pages\/235"}],"collection":[{"href":"https:\/\/www.transelegance.com\/fr\/wp-json\/wp\/v2\/pages"}],"about":[{"href":"https:\/\/www.transelegance.com\/fr\/wp-json\/wp\/v2\/types\/page"}],"author":[{"embeddable":true,"href":"https:\/\/www.transelegance.com\/fr\/wp-json\/wp\/v2\/users\/1"}],"replies":[{"embeddable":true,"href":"https:\/\/www.transelegance.com\/fr\/wp-json\/wp\/v2\/comments?post=235"}],"version-history":[{"count":21,"href":"https:\/\/www.transelegance.com\/fr\/wp-json\/wp\/v2\/pages\/235\/revisions"}],"predecessor-version":[{"id":1269,"href":"https:\/\/www.transelegance.com\/fr\/wp-json\/wp\/v2\/pages\/235\/revisions\/1269"}],"wp:attachment":[{"href":"https:\/\/www.transelegance.com\/fr\/wp-json\/wp\/v2\/media?parent=235"}],"curies":[{"name":"wp","href":"https:\/\/api.w.org\/{rel}","templated":true}]}}