{"id":285,"date":"2021-02-17T20:08:08","date_gmt":"2021-02-17T20:08:08","guid":{"rendered":"https:\/\/transelegance.local\/?page_id=285"},"modified":"2021-09-28T20:33:57","modified_gmt":"2021-09-28T20:33:57","slug":"carriere","status":"publish","type":"page","link":"https:\/\/www.transelegance.com\/fr\/carriere\/","title":{"rendered":"Carri\u00e8re"},"content":{"rendered":"","protected":false},"excerpt":{"rendered":"","protected":false},"author":1,"featured_media":0,"parent":0,"menu_order":0,"comment_status":"closed","ping_status":"closed","template":"views\/template-career.blade.php","meta":[],"yoast_head":"<!-- This site is optimized with the Yoast SEO plugin v15.8 - https:\/\/yoast.com\/wordpress\/plugins\/seo\/ -->\n<title>Carri\u00e8re - Trans\u00e9legance<\/title>\n<meta name=\"description\" content=\"Vous \u00eates int\u00e9ress\u00e9s \u00e0 vous joindre \u00e0 notre \u00e9quipe? N\u2019h\u00e9sitez pas \u00e0 nous contacter, nous serons ravis de vous rencontrer!\" \/>\n<meta name=\"robots\" content=\"index, follow, max-snippet:-1, max-image-preview:large, max-video-preview:-1\" \/>\n<link rel=\"canonical\" href=\"https:\/\/www.transelegance.com\/fr\/carriere\/\" \/>\n<meta property=\"og:locale\" content=\"fr_FR\" \/>\n<meta property=\"og:type\" content=\"article\" \/>\n<meta property=\"og:title\" content=\"Carri\u00e8re - Trans\u00e9legance\" \/>\n<meta property=\"og:description\" content=\"Vous \u00eates int\u00e9ress\u00e9s \u00e0 vous joindre \u00e0 notre \u00e9quipe? N\u2019h\u00e9sitez pas \u00e0 nous contacter, nous serons ravis de vous rencontrer!\" \/>\n<meta property=\"og:url\" content=\"https:\/\/www.transelegance.com\/fr\/carriere\/\" \/>\n<meta property=\"og:site_name\" content=\"Trans\u00e9legance\" \/>\n<meta property=\"article:modified_time\" content=\"2021-09-28T20:33:57+00:00\" \/>\n<meta name=\"twitter:card\" content=\"summary_large_image\" \/>\n<script type=\"application\/ld+json\" class=\"yoast-schema-graph\">{\"@context\":\"https:\/\/schema.org\",\"@graph\":[{\"@type\":\"WebSite\",\"@id\":\"https:\/\/www.transelegance.com\/fr\/#website\",\"url\":\"https:\/\/www.transelegance.com\/fr\/\",\"name\":\"Trans\\u00e9legance\",\"description\":\"Un leader qu\\u00e9b\\u00e9cois dans le transport de v\\u00e9hicules en Am\\u00e9rique du nord\",\"potentialAction\":[{\"@type\":\"SearchAction\",\"target\":\"https:\/\/www.transelegance.com\/fr\/?s={search_term_string}\",\"query-input\":\"required name=search_term_string\"}],\"inLanguage\":\"fr-FR\"},{\"@type\":\"WebPage\",\"@id\":\"https:\/\/www.transelegance.com\/fr\/carriere\/#webpage\",\"url\":\"https:\/\/www.transelegance.com\/fr\/carriere\/\",\"name\":\"Carri\\u00e8re - Trans\\u00e9legance\",\"isPartOf\":{\"@id\":\"https:\/\/www.transelegance.com\/fr\/#website\"},\"datePublished\":\"2021-02-17T20:08:08+00:00\",\"dateModified\":\"2021-09-28T20:33:57+00:00\",\"description\":\"Vous \\u00eates int\\u00e9ress\\u00e9s \\u00e0 vous joindre \\u00e0 notre \\u00e9quipe? N\\u2019h\\u00e9sitez pas \\u00e0 nous contacter, nous serons ravis de vous rencontrer!\",\"breadcrumb\":{\"@id\":\"https:\/\/www.transelegance.com\/fr\/carriere\/#breadcrumb\"},\"inLanguage\":\"fr-FR\",\"potentialAction\":[{\"@type\":\"ReadAction\",\"target\":[\"https:\/\/www.transelegance.com\/fr\/carriere\/\"]}]},{\"@type\":\"BreadcrumbList\",\"@id\":\"https:\/\/www.transelegance.com\/fr\/carriere\/#breadcrumb\",\"itemListElement\":[{\"@type\":\"ListItem\",\"position\":1,\"item\":{\"@type\":\"WebPage\",\"@id\":\"https:\/\/www.transelegance.com\/fr\/\",\"url\":\"https:\/\/www.transelegance.com\/fr\/\",\"name\":\"Home\"}},{\"@type\":\"ListItem\",\"position\":2,\"item\":{\"@type\":\"WebPage\",\"@id\":\"https:\/\/www.transelegance.com\/fr\/carriere\/\",\"url\":\"https:\/\/www.transelegance.com\/fr\/carriere\/\",\"name\":\"Carri\\u00e8re\"}}]}]}<\/script>\n<!-- \/ Yoast SEO plugin. -->","_links":{"self":[{"href":"https:\/\/www.transelegance.com\/fr\/wp-json\/wp\/v2\/pages\/285"}],"collection":[{"href":"https:\/\/www.transelegance.com\/fr\/wp-json\/wp\/v2\/pages"}],"about":[{"href":"https:\/\/www.transelegance.com\/fr\/wp-json\/wp\/v2\/types\/page"}],"author":[{"embeddable":true,"href":"https:\/\/www.transelegance.com\/fr\/wp-json\/wp\/v2\/users\/1"}],"replies":[{"embeddable":true,"href":"https:\/\/www.transelegance.com\/fr\/wp-json\/wp\/v2\/comments?post=285"}],"version-history":[{"count":12,"href":"https:\/\/www.transelegance.com\/fr\/wp-json\/wp\/v2\/pages\/285\/revisions"}],"predecessor-version":[{"id":899,"href":"https:\/\/www.transelegance.com\/fr\/wp-json\/wp\/v2\/pages\/285\/revisions\/899"}],"wp:attachment":[{"href":"https:\/\/www.transelegance.com\/fr\/wp-json\/wp\/v2\/media?parent=285"}],"curies":[{"name":"wp","href":"https:\/\/api.w.org\/{rel}","templated":true}]}}