{"id":7,"date":"2021-02-16T12:58:16","date_gmt":"2021-02-16T12:58:16","guid":{"rendered":"https:\/\/transelegance.local\/?page_id=7"},"modified":"2023-07-05T15:43:58","modified_gmt":"2023-07-05T15:43:58","slug":"accueil","status":"publish","type":"page","link":"https:\/\/www.transelegance.com\/fr\/","title":{"rendered":"Accueil"},"content":{"rendered":"","protected":false},"excerpt":{"rendered":"","protected":false},"author":1,"featured_media":0,"parent":0,"menu_order":0,"comment_status":"closed","ping_status":"closed","template":"views\/template-home.blade.php","meta":[],"yoast_head":"<!-- This site is optimized with the Yoast SEO plugin v15.8 - https:\/\/yoast.com\/wordpress\/plugins\/seo\/ -->\n<title>Accueil - Trans\u00e9legance<\/title>\n<meta name=\"description\" content=\"Nos chauffeurs professionnels prendront soin de transporter votre v\u00e9hicule selon la destination. Camions, Camionnettes, V\u00e9hicules Utilitaires Sport (VUS), Mini-Fourgonnettes, faites-nous confiances pour le transport de votre v\u00e9hicule.\" \/>\n<meta name=\"robots\" content=\"index, follow, max-snippet:-1, max-image-preview:large, max-video-preview:-1\" \/>\n<link rel=\"canonical\" href=\"https:\/\/www.transelegance.com\/fr\/\" \/>\n<meta property=\"og:locale\" content=\"fr_FR\" \/>\n<meta property=\"og:type\" content=\"article\" \/>\n<meta property=\"og:title\" content=\"Accueil - Trans\u00e9legance\" \/>\n<meta property=\"og:description\" content=\"Nos chauffeurs professionnels prendront soin de transporter votre v\u00e9hicule selon la destination. Camions, Camionnettes, V\u00e9hicules Utilitaires Sport (VUS), Mini-Fourgonnettes, faites-nous confiances pour le transport de votre v\u00e9hicule.\" \/>\n<meta property=\"og:url\" content=\"https:\/\/www.transelegance.com\/fr\/\" \/>\n<meta property=\"og:site_name\" content=\"Trans\u00e9legance\" \/>\n<meta property=\"article:modified_time\" content=\"2023-07-05T15:43:58+00:00\" \/>\n<meta name=\"twitter:card\" content=\"summary_large_image\" \/>\n<script type=\"application\/ld+json\" class=\"yoast-schema-graph\">{\"@context\":\"https:\/\/schema.org\",\"@graph\":[{\"@type\":\"WebSite\",\"@id\":\"https:\/\/www.transelegance.com\/fr\/#website\",\"url\":\"https:\/\/www.transelegance.com\/fr\/\",\"name\":\"Trans\\u00e9legance\",\"description\":\"Un leader qu\\u00e9b\\u00e9cois dans le transport de v\\u00e9hicules en Am\\u00e9rique du nord\",\"potentialAction\":[{\"@type\":\"SearchAction\",\"target\":\"https:\/\/www.transelegance.com\/fr\/?s={search_term_string}\",\"query-input\":\"required name=search_term_string\"}],\"inLanguage\":\"fr-FR\"},{\"@type\":\"WebPage\",\"@id\":\"https:\/\/www.transelegance.com\/fr\/#webpage\",\"url\":\"https:\/\/www.transelegance.com\/fr\/\",\"name\":\"Accueil - Trans\\u00e9legance\",\"isPartOf\":{\"@id\":\"https:\/\/www.transelegance.com\/fr\/#website\"},\"datePublished\":\"2021-02-16T12:58:16+00:00\",\"dateModified\":\"2023-07-05T15:43:58+00:00\",\"description\":\"Nos chauffeurs professionnels prendront soin de transporter votre v\\u00e9hicule selon la destination. Camions, Camionnettes, V\\u00e9hicules Utilitaires Sport (VUS), Mini-Fourgonnettes, faites-nous confiances pour le transport de votre v\\u00e9hicule.\",\"breadcrumb\":{\"@id\":\"https:\/\/www.transelegance.com\/fr\/#breadcrumb\"},\"inLanguage\":\"fr-FR\",\"potentialAction\":[{\"@type\":\"ReadAction\",\"target\":[\"https:\/\/www.transelegance.com\/fr\/\"]}]},{\"@type\":\"BreadcrumbList\",\"@id\":\"https:\/\/www.transelegance.com\/fr\/#breadcrumb\",\"itemListElement\":[{\"@type\":\"ListItem\",\"position\":1,\"item\":{\"@type\":\"WebPage\",\"@id\":\"https:\/\/www.transelegance.com\/fr\/\",\"url\":\"https:\/\/www.transelegance.com\/fr\/\",\"name\":\"Home\"}},{\"@type\":\"ListItem\",\"position\":2,\"item\":{\"@type\":\"WebPage\",\"@id\":\"https:\/\/www.transelegance.com\/fr\/\",\"url\":\"https:\/\/www.transelegance.com\/fr\/\",\"name\":\"Accueil\"}}]}]}<\/script>\n<!-- \/ Yoast SEO plugin. -->","_links":{"self":[{"href":"https:\/\/www.transelegance.com\/fr\/wp-json\/wp\/v2\/pages\/7"}],"collection":[{"href":"https:\/\/www.transelegance.com\/fr\/wp-json\/wp\/v2\/pages"}],"about":[{"href":"https:\/\/www.transelegance.com\/fr\/wp-json\/wp\/v2\/types\/page"}],"author":[{"embeddable":true,"href":"https:\/\/www.transelegance.com\/fr\/wp-json\/wp\/v2\/users\/1"}],"replies":[{"embeddable":true,"href":"https:\/\/www.transelegance.com\/fr\/wp-json\/wp\/v2\/comments?post=7"}],"version-history":[{"count":52,"href":"https:\/\/www.transelegance.com\/fr\/wp-json\/wp\/v2\/pages\/7\/revisions"}],"predecessor-version":[{"id":1264,"href":"https:\/\/www.transelegance.com\/fr\/wp-json\/wp\/v2\/pages\/7\/revisions\/1264"}],"wp:attachment":[{"href":"https:\/\/www.transelegance.com\/fr\/wp-json\/wp\/v2\/media?parent=7"}],"curies":[{"name":"wp","href":"https:\/\/api.w.org\/{rel}","templated":true}]}}